{"id":38,"date":"2014-01-31T02:42:01","date_gmt":"2014-01-31T00:42:01","guid":{"rendered":"https:\/\/www.iai.mugairyu.eu\/?page_id=38"},"modified":"2022-05-13T15:31:14","modified_gmt":"2022-05-13T15:31:14","slug":"katana","status":"publish","type":"page","link":"https:\/\/iai.mugairyu.eu\/en\/katana\/","title":{"rendered":"Katana"},"content":{"rendered":"<h2 class=\"wp-block-heading\">La Katana<\/h2>\n\n\n\n<h2 class=\"wp-block-heading\">La spada dei samurai<\/h2>\n\n\n\n<p><br>La Katana, nella forma pi\u00f9 comune, esiste dal XV secolo. \u00c8 conosciuta come la lama pi\u00f9 affilata mai creata dall&#8217;uomo. L&#8217;arte della forgiatura e dell&#8217;affilatura sono state perfezionate del corso di centinaia di anni ed ora ci sono spadai che praticano questa disciplina come una forma d&#8217;arte.<\/p>\n\n\n\n<p><br>Il materiale di base per forgiare una katana \u00e8 il Tamahagane (letteralmente \u201cacciaio gioiello\u201d) ottenuto fondendo sabbia di ferro secondo un procedimento che \u00e8 rimasto immutato nei secoli.<br>Solo una piccola parte del tamahagane risultante da questo procedimento \u00e8 effettivamente utilizzabile per la forgiatura. Questa piccola parte d&#8217;acciaio viene piegata e forgiata molte volte per distribuire il carbonio uniformemente e renderlo in quantit\u00e0 ideali per una lama.<\/p>\n\n\n\n<figure class=\"wp-block-image size-full\"><a href=\"https:\/\/iai.mugairyu.eu\/wp-content\/uploads\/2022\/05\/katana_tsuba-1.jpeg\"><img loading=\"lazy\" decoding=\"async\" width=\"500\" height=\"375\" src=\"https:\/\/iai.mugairyu.eu\/wp-content\/uploads\/2022\/05\/katana_tsuba-1.jpeg\" alt=\"\" class=\"wp-image-3787\" srcset=\"https:\/\/iai.mugairyu.eu\/wp-content\/uploads\/2022\/05\/katana_tsuba-1.jpeg 500w, https:\/\/iai.mugairyu.eu\/wp-content\/uploads\/2022\/05\/katana_tsuba-1-300x225.jpeg 300w\" sizes=\"auto, (max-width: 500px) 100vw, 500px\" \/><\/a><\/figure>\n\n\n\n<p><br>La forma finita della lama viene lavorata in un lungo processo che richiede grande esperienza e competenza. Anche il minimo errore in una delle tante fasi della lavorazione pu\u00f2 rendere una lama inutilizzabile.<br>La composizione finale di una lama pu\u00f2 essere differente da altre (per esempio, a seconda del numero delle piegature subite dall&#8217;acciaio o dalla quantit\u00e0 di carbonio presente nel metallo) solitamente la lama \u00e8 formata da un guscio di acciaio molto duro che ricopre un&#8217;anima di acciaio morbido, questo da alla lama un flessibilit\u00e0 ed una straordinaria affilatura. Una katana ottiene la sua vera affilatura attraverso un processo di affilatura che conferisce alla lama il caratteristico Hamon. La prima affilatura di una spada pu\u00f2 richiedere anche pi\u00f9 di 120 ore.<\/p>\n\n\n\n<figure class=\"wp-block-image size-full\"><a href=\"https:\/\/iai.mugairyu.eu\/wp-content\/uploads\/2022\/05\/katana_komplett.jpeg\"><img loading=\"lazy\" decoding=\"async\" width=\"500\" height=\"375\" src=\"https:\/\/iai.mugairyu.eu\/wp-content\/uploads\/2022\/05\/katana_komplett.jpeg\" alt=\"\" class=\"wp-image-3789\" srcset=\"https:\/\/iai.mugairyu.eu\/wp-content\/uploads\/2022\/05\/katana_komplett.jpeg 500w, https:\/\/iai.mugairyu.eu\/wp-content\/uploads\/2022\/05\/katana_komplett-300x225.jpeg 300w\" sizes=\"auto, (max-width: 500px) 100vw, 500px\" \/><\/a><\/figure>\n\n\n\n<p><br>Le katane prodotte secondo i pi\u00f9 alti standard qualitativi di quest&#8217;arte hanno resistito alla prova del tempo per secoli senza perdere la loro bellezza e maestosi\u00e0. Alcuni di questi rari esemplari posso essere apprezzati in musei e mostre.<\/p>\n\n\n\n<p>La Katana \u00e8 composta da diverse parti principali: il &#8216;Kissaki&#8217; (la punta), il &#8216;Sori&#8217;, la tipica curvatura, seguito dalla &#8216;Tsuba&#8217;, la guardia. Il manico, &#8220;Tsuka&#8221;, termina con un pomolo chiamato &#8220;Kashira&#8221;. La spada viene portata ed estratta dalla &#8216;Saya&#8217;, il fodero che comprende una fascia di cotone o di cuoio, il &#8216;Sageo&#8217;.<\/p>\n\n\n\n<figure class=\"wp-block-image size-full\"><a href=\"https:\/\/iai.mugairyu.eu\/wp-content\/uploads\/2022\/05\/katana_pflege.jpeg\"><img loading=\"lazy\" decoding=\"async\" width=\"500\" height=\"667\" src=\"https:\/\/iai.mugairyu.eu\/wp-content\/uploads\/2022\/05\/katana_pflege.jpeg\" alt=\"\" class=\"wp-image-3790\" srcset=\"https:\/\/iai.mugairyu.eu\/wp-content\/uploads\/2022\/05\/katana_pflege.jpeg 500w, https:\/\/iai.mugairyu.eu\/wp-content\/uploads\/2022\/05\/katana_pflege-225x300.jpeg 225w\" sizes=\"auto, (max-width: 500px) 100vw, 500px\" \/><\/a><\/figure>\n\n\n\n<p>Tipi di spade:<br>Shinken\/Nihonto: spade forgiate e affialte a mano.<br>Iaito: spade d&#8217;allenamento non affilate, solitamente formate da una lega di zinco\/alluminio.<br>Bokuto\/Bokken: spade di legno untilizzate per il Kumitachi\/Kenjutsu<br>Gunto: spade prodotte durante la seconda guerra mondiale. Queste spade \u201cspade da ufficiale\u201d sono prodotte in parte a mano ed in parte industrialmente.<\/p>\n\n\n\n<figure class=\"wp-block-image size-full\"><a href=\"https:\/\/iai.mugairyu.eu\/wp-content\/uploads\/2022\/05\/katana_hamon.jpeg\"><img loading=\"lazy\" decoding=\"async\" width=\"500\" height=\"667\" src=\"https:\/\/iai.mugairyu.eu\/wp-content\/uploads\/2022\/05\/katana_hamon.jpeg\" alt=\"\" class=\"wp-image-3791\" srcset=\"https:\/\/iai.mugairyu.eu\/wp-content\/uploads\/2022\/05\/katana_hamon.jpeg 500w, https:\/\/iai.mugairyu.eu\/wp-content\/uploads\/2022\/05\/katana_hamon-225x300.jpeg 225w\" sizes=\"auto, (max-width: 500px) 100vw, 500px\" \/><\/a><\/figure>","protected":false},"excerpt":{"rendered":"<p>La Katana La spada dei samurai La Katana, nella forma pi\u00f9 comune, esiste dal XV secolo. \u00c8 conosciuta come la lama pi\u00f9 affilata mai creata dall&#8217;uomo. L&#8217;arte della forgiatura e dell&#8217;affilatura sono state perfezionate del corso di centinaia di anni ed ora ci sono spadai che praticano questa disciplina come una forma d&#8217;arte. Il materiale &hellip; <a href=\"https:\/\/iai.mugairyu.eu\/en\/katana\/\">Continued<\/a><\/p>\n","protected":false},"author":2,"featured_media":0,"parent":0,"menu_order":0,"comment_status":"closed","ping_status":"closed","template":"","meta":{"footnotes":""},"class_list":["post-38","page","type-page","status-publish","hentry"],"yoast_head":"<!-- This site is optimized with the Yoast SEO plugin v25.2 - https:\/\/yoast.com\/wordpress\/plugins\/seo\/ -->\n<title>Katana - Iaido Academy Italia - Mugai Ryu Iaido Roma, Meishi Ha Mugai Ryu Iaido<\/title>\n<meta name=\"robots\" content=\"noindex, follow, max-snippet:-1, max-image-preview:large, max-video-preview:-1\" \/>\n<meta property=\"og:locale\" content=\"en_US\" \/>\n<meta property=\"og:type\" content=\"article\" \/>\n<meta property=\"og:title\" content=\"Katana - Iaido Academy Italia - Mugai Ryu Iaido Roma, Meishi Ha Mugai Ryu Iaido\" \/>\n<meta property=\"og:description\" content=\"La Katana La spada dei samurai La Katana, nella forma pi\u00f9 comune, esiste dal XV secolo. \u00c8 conosciuta come la lama pi\u00f9 affilata mai creata dall&#8217;uomo. L&#8217;arte della forgiatura e dell&#8217;affilatura sono state perfezionate del corso di centinaia di anni ed ora ci sono spadai che praticano questa disciplina come una forma d&#8217;arte. Il materiale &hellip; Continued\" \/>\n<meta property=\"og:url\" content=\"https:\/\/www.iai.mugairyu.eu\/en\/katana\/\" \/>\n<meta property=\"og:site_name\" content=\"Iaido Academy Italia - Mugai Ryu Iaido Roma, Meishi Ha Mugai Ryu Iaido\" \/>\n<meta property=\"article:modified_time\" content=\"2022-05-13T15:31:14+00:00\" \/>\n<meta property=\"og:image\" content=\"https:\/\/iai.mugairyu.eu\/wp-content\/uploads\/2021\/11\/katana_tsuba-300x225.jpeg\" \/>\n<meta name=\"twitter:label1\" content=\"Est. reading time\" \/>\n\t<meta name=\"twitter:data1\" content=\"3 minutes\" \/>\n<script type=\"application\/ld+json\" class=\"yoast-schema-graph\">{\"@context\":\"https:\/\/schema.org\",\"@graph\":[{\"@type\":\"WebPage\",\"@id\":\"https:\/\/iai.mugairyu.eu\/katana\/\",\"url\":\"https:\/\/www.iai.mugairyu.eu\/en\/katana\/\",\"name\":\"Katana - Iaido Academy Italia - Mugai Ryu Iaido Roma, Meishi Ha Mugai Ryu Iaido\",\"isPartOf\":{\"@id\":\"https:\/\/iai.mugairyu.eu\/en\/#website\"},\"primaryImageOfPage\":{\"@id\":\"https:\/\/www.iai.mugairyu.eu\/en\/katana\/#primaryimage\"},\"image\":{\"@id\":\"https:\/\/www.iai.mugairyu.eu\/en\/katana\/#primaryimage\"},\"thumbnailUrl\":\"https:\/\/iai.mugairyu.eu\/wp-content\/uploads\/2021\/11\/katana_tsuba-300x225.jpeg\",\"datePublished\":\"2014-01-31T00:42:01+00:00\",\"dateModified\":\"2022-05-13T15:31:14+00:00\",\"breadcrumb\":{\"@id\":\"https:\/\/www.iai.mugairyu.eu\/en\/katana\/#breadcrumb\"},\"inLanguage\":\"en-US\",\"potentialAction\":[{\"@type\":\"ReadAction\",\"target\":[\"https:\/\/www.iai.mugairyu.eu\/en\/katana\/\"]}]},{\"@type\":\"ImageObject\",\"inLanguage\":\"en-US\",\"@id\":\"https:\/\/www.iai.mugairyu.eu\/en\/katana\/#primaryimage\",\"url\":\"https:\/\/iai.mugairyu.eu\/wp-content\/uploads\/2021\/11\/katana_tsuba-300x225.jpeg\",\"contentUrl\":\"https:\/\/iai.mugairyu.eu\/wp-content\/uploads\/2021\/11\/katana_tsuba-300x225.jpeg\"},{\"@type\":\"BreadcrumbList\",\"@id\":\"https:\/\/www.iai.mugairyu.eu\/en\/katana\/#breadcrumb\",\"itemListElement\":[{\"@type\":\"ListItem\",\"position\":1,\"name\":\"Home\",\"item\":\"https:\/\/iai.mugairyu.eu\/\"},{\"@type\":\"ListItem\",\"position\":2,\"name\":\"Katana\"}]},{\"@type\":\"WebSite\",\"@id\":\"https:\/\/iai.mugairyu.eu\/en\/#website\",\"url\":\"https:\/\/iai.mugairyu.eu\/en\/\",\"name\":\"Iaido Academy Italia - Mugai Ryu Iaido Roma, Meishi Ha Mugai Ryu Iaido\",\"description\":\"Just another Tenshinkai Dojo Sites site\",\"publisher\":{\"@id\":\"https:\/\/iai.mugairyu.eu\/en\/#organization\"},\"potentialAction\":[{\"@type\":\"SearchAction\",\"target\":{\"@type\":\"EntryPoint\",\"urlTemplate\":\"https:\/\/iai.mugairyu.eu\/en\/?s={search_term_string}\"},\"query-input\":{\"@type\":\"PropertyValueSpecification\",\"valueRequired\":true,\"valueName\":\"search_term_string\"}}],\"inLanguage\":\"en-US\"},{\"@type\":\"Organization\",\"@id\":\"https:\/\/iai.mugairyu.eu\/en\/#organization\",\"name\":\"Iaido Academy Italia - Mugai Ryu Iaido Roma, Meishi Ha Mugai Ryu Iaido\",\"url\":\"https:\/\/iai.mugairyu.eu\/en\/\",\"logo\":{\"@type\":\"ImageObject\",\"inLanguage\":\"en-US\",\"@id\":\"https:\/\/iai.mugairyu.eu\/en\/#\/schema\/logo\/image\/\",\"url\":\"https:\/\/iai.mugairyu.eu\/wp-content\/uploads\/2014\/02\/cropped-iaido-italia.png\",\"contentUrl\":\"https:\/\/iai.mugairyu.eu\/wp-content\/uploads\/2014\/02\/cropped-iaido-italia.png\",\"width\":348,\"height\":81,\"caption\":\"Iaido Academy Italia - Mugai Ryu Iaido Roma, Meishi Ha Mugai Ryu Iaido\"},\"image\":{\"@id\":\"https:\/\/iai.mugairyu.eu\/en\/#\/schema\/logo\/image\/\"}}]}<\/script>\n<!-- \/ Yoast SEO plugin. -->","yoast_head_json":{"title":"Katana - Iaido Academy Italia - Mugai Ryu Iaido Roma, Meishi Ha Mugai Ryu Iaido","robots":{"index":"noindex","follow":"follow","max-snippet":"max-snippet:-1","max-image-preview":"max-image-preview:large","max-video-preview":"max-video-preview:-1"},"og_locale":"en_US","og_type":"article","og_title":"Katana - Iaido Academy Italia - Mugai Ryu Iaido Roma, Meishi Ha Mugai Ryu Iaido","og_description":"La Katana La spada dei samurai La Katana, nella forma pi\u00f9 comune, esiste dal XV secolo. \u00c8 conosciuta come la lama pi\u00f9 affilata mai creata dall&#8217;uomo. L&#8217;arte della forgiatura e dell&#8217;affilatura sono state perfezionate del corso di centinaia di anni ed ora ci sono spadai che praticano questa disciplina come una forma d&#8217;arte. Il materiale &hellip; Continued","og_url":"https:\/\/www.iai.mugairyu.eu\/en\/katana\/","og_site_name":"Iaido Academy Italia - Mugai Ryu Iaido Roma, Meishi Ha Mugai Ryu Iaido","article_modified_time":"2022-05-13T15:31:14+00:00","og_image":[{"url":"https:\/\/iai.mugairyu.eu\/wp-content\/uploads\/2021\/11\/katana_tsuba-300x225.jpeg","type":"","width":"","height":""}],"twitter_misc":{"Est. reading time":"3 minutes"},"schema":{"@context":"https:\/\/schema.org","@graph":[{"@type":"WebPage","@id":"https:\/\/iai.mugairyu.eu\/katana\/","url":"https:\/\/www.iai.mugairyu.eu\/en\/katana\/","name":"Katana - Iaido Academy Italia - Mugai Ryu Iaido Roma, Meishi Ha Mugai Ryu Iaido","isPartOf":{"@id":"https:\/\/iai.mugairyu.eu\/en\/#website"},"primaryImageOfPage":{"@id":"https:\/\/www.iai.mugairyu.eu\/en\/katana\/#primaryimage"},"image":{"@id":"https:\/\/www.iai.mugairyu.eu\/en\/katana\/#primaryimage"},"thumbnailUrl":"https:\/\/iai.mugairyu.eu\/wp-content\/uploads\/2021\/11\/katana_tsuba-300x225.jpeg","datePublished":"2014-01-31T00:42:01+00:00","dateModified":"2022-05-13T15:31:14+00:00","breadcrumb":{"@id":"https:\/\/www.iai.mugairyu.eu\/en\/katana\/#breadcrumb"},"inLanguage":"en-US","potentialAction":[{"@type":"ReadAction","target":["https:\/\/www.iai.mugairyu.eu\/en\/katana\/"]}]},{"@type":"ImageObject","inLanguage":"en-US","@id":"https:\/\/www.iai.mugairyu.eu\/en\/katana\/#primaryimage","url":"https:\/\/iai.mugairyu.eu\/wp-content\/uploads\/2021\/11\/katana_tsuba-300x225.jpeg","contentUrl":"https:\/\/iai.mugairyu.eu\/wp-content\/uploads\/2021\/11\/katana_tsuba-300x225.jpeg"},{"@type":"BreadcrumbList","@id":"https:\/\/www.iai.mugairyu.eu\/en\/katana\/#breadcrumb","itemListElement":[{"@type":"ListItem","position":1,"name":"Home","item":"https:\/\/iai.mugairyu.eu\/"},{"@type":"ListItem","position":2,"name":"Katana"}]},{"@type":"WebSite","@id":"https:\/\/iai.mugairyu.eu\/en\/#website","url":"https:\/\/iai.mugairyu.eu\/en\/","name":"Iaido Academy Italia - Mugai Ryu Iaido Roma, Meishi Ha Mugai Ryu Iaido","description":"Just another Tenshinkai Dojo Sites site","publisher":{"@id":"https:\/\/iai.mugairyu.eu\/en\/#organization"},"potentialAction":[{"@type":"SearchAction","target":{"@type":"EntryPoint","urlTemplate":"https:\/\/iai.mugairyu.eu\/en\/?s={search_term_string}"},"query-input":{"@type":"PropertyValueSpecification","valueRequired":true,"valueName":"search_term_string"}}],"inLanguage":"en-US"},{"@type":"Organization","@id":"https:\/\/iai.mugairyu.eu\/en\/#organization","name":"Iaido Academy Italia - Mugai Ryu Iaido Roma, Meishi Ha Mugai Ryu Iaido","url":"https:\/\/iai.mugairyu.eu\/en\/","logo":{"@type":"ImageObject","inLanguage":"en-US","@id":"https:\/\/iai.mugairyu.eu\/en\/#\/schema\/logo\/image\/","url":"https:\/\/iai.mugairyu.eu\/wp-content\/uploads\/2014\/02\/cropped-iaido-italia.png","contentUrl":"https:\/\/iai.mugairyu.eu\/wp-content\/uploads\/2014\/02\/cropped-iaido-italia.png","width":348,"height":81,"caption":"Iaido Academy Italia - Mugai Ryu Iaido Roma, Meishi Ha Mugai Ryu Iaido"},"image":{"@id":"https:\/\/iai.mugairyu.eu\/en\/#\/schema\/logo\/image\/"}}]}},"_links":{"self":[{"href":"https:\/\/iai.mugairyu.eu\/en\/wp-json\/wp\/v2\/pages\/38","targetHints":{"allow":["GET"]}}],"collection":[{"href":"https:\/\/iai.mugairyu.eu\/en\/wp-json\/wp\/v2\/pages"}],"about":[{"href":"https:\/\/iai.mugairyu.eu\/en\/wp-json\/wp\/v2\/types\/page"}],"author":[{"embeddable":true,"href":"https:\/\/iai.mugairyu.eu\/en\/wp-json\/wp\/v2\/users\/2"}],"replies":[{"embeddable":true,"href":"https:\/\/iai.mugairyu.eu\/en\/wp-json\/wp\/v2\/comments?post=38"}],"version-history":[{"count":9,"href":"https:\/\/iai.mugairyu.eu\/en\/wp-json\/wp\/v2\/pages\/38\/revisions"}],"predecessor-version":[{"id":3813,"href":"https:\/\/iai.mugairyu.eu\/en\/wp-json\/wp\/v2\/pages\/38\/revisions\/3813"}],"wp:attachment":[{"href":"https:\/\/iai.mugairyu.eu\/en\/wp-json\/wp\/v2\/media?parent=38"}],"curies":[{"name":"wp","href":"https:\/\/api.w.org\/{rel}","templated":true}]}}